{"id":36536,"date":"2024-02-28T19:34:27","date_gmt":"2024-02-28T16:34:27","guid":{"rendered":"https:\/\/www.turkictradefair.com.tr\/ru\/?page_id=36536"},"modified":"2024-04-19T12:34:33","modified_gmt":"2024-04-19T09:34:33","slug":"%d1%84%d0%be%d1%80%d0%bc%d0%b0-%d0%b7%d0%b0%d1%8f%d0%b2%d0%ba%d0%b8-%d0%b4%d0%bb%d1%8f-%d1%83%d1%87%d0%b0%d1%81%d1%82%d0%bd%d0%b8%d0%ba%d0%b0-%d0%b2%d1%8b%d1%81%d1%82%d0%b0%d0%b2%d0%ba%d0%b8","status":"publish","type":"page","link":"https:\/\/www.turkictradefair.com.tr\/ru\/%d1%84%d0%be%d1%80%d0%bc%d0%b0-%d0%b7%d0%b0%d1%8f%d0%b2%d0%ba%d0%b8-%d0%b4%d0%bb%d1%8f-%d1%83%d1%87%d0%b0%d1%81%d1%82%d0%bd%d0%b8%d0%ba%d0%b0-%d0%b2%d1%8b%d1%81%d1%82%d0%b0%d0%b2%d0%ba%d0%b8\/","title":{"rendered":"\u0424\u043e\u0440\u043c\u0430 \u0437\u0430\u044f\u0432\u043a\u0438 \u0434\u043b\u044f  \u0443\u0447\u0430\u0441\u0442\u043d\u0438\u043a\u0430 \u0432\u044b\u0441\u0442\u0430\u0432\u043a\u0438"},"content":{"rendered":"\t\t<div data-elementor-type=\"wp-page\" data-elementor-id=\"36536\" class=\"elementor elementor-36536\">\n\t\t\t\t\t\t\t<div class=\"e-con-with-custom-width elementor-element elementor-element-40c68fc e-flex e-con-boxed sc_inner_width_none sc_layouts_column_icons_position_left e-con e-parent\" data-id=\"40c68fc\" data-element_type=\"container\" data-settings=\"{&quot;background_background&quot;:&quot;classic&quot;,&quot;content_width&quot;:&quot;boxed&quot;}\" data-core-v316-plus=\"true\">\n\t\t\t\t\t<div class=\"e-con-inner\">\n\t\t\t\t<div class=\"elementor-element elementor-element-e2835ab sc_fly_static elementor-widget elementor-widget-trx_sc_contact_form_7\" data-id=\"e2835ab\" data-element_type=\"widget\" data-widget_type=\"trx_sc_contact_form_7.default\">\n\t\t\t\t<div class=\"elementor-widget-container\">\n\t\t\t\n<div class=\"wpcf7 no-js\" id=\"wpcf7-f36538-o1\" lang=\"en-US\" dir=\"ltr\">\n<div class=\"screen-reader-response\"><p role=\"status\" aria-live=\"polite\" aria-atomic=\"true\"><\/p> <ul><\/ul><\/div>\n<form action=\"\/ru\/wp-json\/wp\/v2\/pages\/36536#wpcf7-f36538-o1\" method=\"post\" class=\"wpcf7-form init\" aria-label=\"Contact form\" novalidate=\"novalidate\" data-status=\"init\">\n<div style=\"display: none;\">\n<input type=\"hidden\" name=\"_wpcf7\" value=\"36538\" \/>\n<input type=\"hidden\" name=\"_wpcf7_version\" value=\"5.9.3\" \/>\n<input type=\"hidden\" name=\"_wpcf7_locale\" value=\"en_US\" \/>\n<input type=\"hidden\" name=\"_wpcf7_unit_tag\" value=\"wpcf7-f36538-o1\" \/>\n<input type=\"hidden\" name=\"_wpcf7_container_post\" value=\"0\" \/>\n<input type=\"hidden\" name=\"_wpcf7_posted_data_hash\" value=\"\" \/>\n<input type=\"hidden\" name=\"_wpcf7_recaptcha_response\" value=\"\" \/>\n<\/div>\n<div class=\"form-style-3\">\n\t<div class=\"columns_wrap\">\n\t\t<div class=\"column-1_1\">\n\t\t\t<p><span>\u0422\u0438\u043f \u0443\u0447\u0430\u0441\u0442\u043d\u0438\u043a\u0430 \u043d\u0430 \u0432\u044b\u0441\u0442\u0430\u0432\u043a\u0435 : <\/span><span class=\"wpcf7-form-control-wrap\" data-name=\"radio-581\"><span class=\"wpcf7-form-control wpcf7-radio\"><span class=\"wpcf7-list-item first\"><label><input type=\"radio\" name=\"radio-581\" value=\"\u0421\u043e \u0441\u0442\u0435\u043d\u0434\u043e\u043c\" \/><span class=\"wpcf7-list-item-label\">\u0421\u043e \u0441\u0442\u0435\u043d\u0434\u043e\u043c<\/span><\/label><\/span><span class=\"wpcf7-list-item last\"><label><input type=\"radio\" name=\"radio-581\" value=\"\u0411\u0435\u0437 \u0441\u0442\u0435\u043d\u0434\u0430\" \/><span class=\"wpcf7-list-item-label\">\u0411\u0435\u0437 \u0441\u0442\u0435\u043d\u0434\u0430<\/span><\/label><\/span><\/span><\/span>\n\t\t\t<\/p>\n\t\t<\/div>\n\t<\/div>\n\t<div class=\"columns_wrap\" style=\"display:flex;\">\n\t\t<p><span style=\"color:#04b5cc; margin-right: 15px;\">\u0416\u0435\u043b\u0430\u0435\u043c\u0430\u044f \u043f\u043b\u043e\u0449\u0430\u0434\u044c \u0441\u0442\u0435\u043d\u0434\u0430 (m\u00b2) :<\/span>\n\t\t<\/p>\n\t\t<div class=\"column-1_6\">\n\t\t\t<p><span class=\"wpcf7-form-control-wrap\" data-name=\"menu-616\"><select class=\"wpcf7-form-control wpcf7-select slc01\" aria-invalid=\"false\" name=\"menu-616\"><option value=\"\u0412\u0430\u0440\u0438\u0430\u043d\u0442\">\u0412\u0430\u0440\u0438\u0430\u043d\u0442<\/option><option value=\"6m\u00b2\">6m\u00b2<\/option><option value=\"9m\u00b2\">9m\u00b2<\/option><option value=\"12m\u00b2\">12m\u00b2<\/option><option value=\"16m\u00b2\">16m\u00b2<\/option><option value=\"24m\u00b2\">24m\u00b2<\/option><option value=\"32m\u00b2\">32m\u00b2<\/option><option value=\"64m\u00b2\">64m\u00b2<\/option><option value=\"100m\u00b2\">100m\u00b2<\/option><option value=\"150m\u00b2\">150m\u00b2<\/option><option value=\"200m\u00b2\">200m\u00b2<\/option><option value=\"300m\u00b2\">300m\u00b2<\/option><option value=\"\u0414\u0440\u0443\u0433\u043e\u0439\">\u0414\u0440\u0443\u0433\u043e\u0439<\/option><\/select><\/span>\n\t\t\t<\/p>\n\t\t<\/div>\n\t<\/div>\n\t<div class=\"columns_wrap\">\n\t\t<div class=\"column-1_1\">\n\t\t\t<p><span class=\"wpcf7-form-control-wrap\" data-name=\"checkbox-657\"><span class=\"wpcf7-form-control wpcf7-checkbox chk657\"><span class=\"wpcf7-list-item first last\"><span class=\"wpcf7-list-item-label\">\u042f \u0445\u043e\u0447\u0443 \u043a\u043e\u043d\u0441\u0442\u0440\u0443\u043a\u0446\u0438\u044e \u0441\u0442\u0435\u043d\u0434\u0430<\/span><input type=\"checkbox\" name=\"checkbox-657[]\" value=\"\u042f \u0445\u043e\u0447\u0443 \u043a\u043e\u043d\u0441\u0442\u0440\u0443\u043a\u0446\u0438\u044e \u0441\u0442\u0435\u043d\u0434\u0430\" \/><\/span><\/span><\/span>\n\t\t\t<\/p>\n\t\t<\/div>\n\t<\/div>\n\t<div class=\"columns_wrap\">\n\t\t<div class=\"column-1_2\">\n\t\t\t<p><span class=\"style-line icon-user\"><span class=\"wpcf7-form-control-wrap\" data-name=\"your-name\"><input size=\"40\" class=\"wpcf7-form-control wpcf7-text wpcf7-validates-as-required\" aria-required=\"true\" aria-invalid=\"false\" placeholder=\"\u0412\u0430\u0448\u0435 \u0438\u043c\u044f \u0438 \u0444\u0430\u043c\u0438\u043b\u0438\u044f\" value=\"\" type=\"text\" name=\"your-name\" \/><\/span><\/span>\n\t\t\t<\/p>\n\t\t<\/div>\n\t\t<div class=\"column-1_2\">\n\t\t\t<p><span class=\"style-line icon-mail\"><span class=\"wpcf7-form-control-wrap\" data-name=\"your-email\"><input size=\"40\" class=\"wpcf7-form-control wpcf7-email wpcf7-validates-as-required wpcf7-text wpcf7-validates-as-email\" aria-required=\"true\" aria-invalid=\"false\" placeholder=\"\u042d\u043b\u0435\u043a\u0442\u0440\u043e\u043d\u043d\u0430\u044f \u043f\u043e\u0447\u0442\u0430\" value=\"\" type=\"email\" name=\"your-email\" \/><\/span><\/span>\n\t\t\t<\/p>\n\t\t<\/div>\n\t<\/div>\n\t<div class=\"columns_wrap\">\n\t\t<div class=\"column-1_2\">\n\t\t\t<p><span class=\"style-line icon-industry\"><span class=\"wpcf7-form-control-wrap\" data-name=\"firma-adi\"><input size=\"40\" class=\"wpcf7-form-control wpcf7-text wpcf7-validates-as-required\" aria-required=\"true\" aria-invalid=\"false\" placeholder=\"\u041d\u0430\u0437\u0432\u0430\u043d\u0438\u0435 \u043a\u043e\u043c\u043f\u0430\u043d\u0438\u0438\" value=\"\" type=\"text\" name=\"firma-adi\" \/><\/span><\/span>\n\t\t\t<\/p>\n\t\t<\/div>\n\t\t<div class=\"column-1_2\">\n\t\t\t<p><span class=\"style-line icon-faaliyet\"><span class=\"wpcf7-form-control-wrap\" data-name=\"faaliyet\"><input size=\"40\" class=\"wpcf7-form-control wpcf7-text wpcf7-validates-as-required\" aria-required=\"true\" aria-invalid=\"false\" placeholder=\"\u0421\u0444\u0435\u0440\u0430 \u0434\u0435\u044f\u0442\u0435\u043b\u044c\u043d\u043e\u0441\u0442\u0438\" value=\"\" type=\"text\" name=\"faaliyet\" \/><\/span><\/span>\n\t\t\t<\/p>\n\t\t<\/div>\n\t<\/div>\n\t<div class=\"columns_wrap\">\n\t\t<div class=\"column-1_2\">\n\t\t\t<p><span class=\"style-line icon-address-book\"><span class=\"wpcf7-form-control-wrap\" data-name=\"unvan\"><input size=\"40\" class=\"wpcf7-form-control wpcf7-text\" aria-invalid=\"false\" placeholder=\"\u0412\u0430\u0448\u0430 \u0434\u043e\u043b\u0436\u043d\u043e\u0441\u0442\u044c \u0432 \u043a\u043e\u043c\u043f\u0430\u043d\u0438\u0438\" value=\"\" type=\"text\" name=\"unvan\" \/><\/span><\/span>\n\t\t\t<\/p>\n\t\t<\/div>\n\t\t<div class=\"column-1_2\">\n\t\t\t<p><span class=\"style-line icon-phone\"><span class=\"wpcf7-form-control-wrap\" data-name=\"phone\"><input size=\"40\" class=\"wpcf7-form-control wpcf7-tel wpcf7-text wpcf7-validates-as-tel\" aria-invalid=\"false\" placeholder=\"\u041d\u043e\u043c\u0435\u0440 \u0442\u0435\u043b\u0435\u0444\u043e\u043d\u0430\" value=\"\" type=\"tel\" name=\"phone\" \/><\/span><\/span>\n\t\t\t<\/p>\n\t\t<\/div>\n\t<\/div>\n\t<div class=\"columns_wrap\">\n\t\t<div class=\"column-1_2\">\n\t\t\t<p><span class=\"style-line icon-mobile\"><span class=\"wpcf7-form-control-wrap\" data-name=\"gsm\"><input size=\"40\" class=\"wpcf7-form-control wpcf7-tel wpcf7-validates-as-required wpcf7-text wpcf7-validates-as-tel\" aria-required=\"true\" aria-invalid=\"false\" placeholder=\"\u041d\u043e\u043c\u0435\u0440 \u043c\u043e\u0431\u0438\u043b\u044c\u043d\u043e\u0433\u043e \u0442\u0435\u043b\u0435\u0444\u043e\u043d\u0430\" value=\"\" type=\"tel\" name=\"gsm\" \/><\/span><\/span>\n\t\t\t<\/p>\n\t\t<\/div>\n\t\t<div class=\"column-1_2\">\n\t\t\t<p><span class=\"style-line icon-globe\"><span class=\"wpcf7-form-control-wrap\" data-name=\"ulke\"><input size=\"40\" class=\"wpcf7-form-control wpcf7-text wpcf7-validates-as-required\" aria-required=\"true\" aria-invalid=\"false\" placeholder=\"\u0421\u0442\u0440\u0430\u043d\u0430\" value=\"\" type=\"text\" name=\"ulke\" \/><\/span><\/span>\n\t\t\t<\/p>\n\t\t<\/div>\n\t<\/div>\n\t<div class=\"columns_wrap\">\n\t\t<div class=\"column-1_2\">\n\t\t\t<p><span class=\"style-line icon-city\"><span class=\"wpcf7-form-control-wrap\" data-name=\"sehir\"><input size=\"40\" class=\"wpcf7-form-control wpcf7-text wpcf7-validates-as-required\" aria-required=\"true\" aria-invalid=\"false\" placeholder=\"\u0413\u043e\u0440\u043e\u0434\" value=\"\" type=\"text\" name=\"sehir\" \/><\/span><\/span>\n\t\t\t<\/p>\n\t\t<\/div>\n\t\t<div class=\"column-1_2\">\n\t\t\t<p><span class=\"style-line icon-urun\"><span class=\"wpcf7-form-control-wrap\" data-name=\"urunler\"><input size=\"40\" class=\"wpcf7-form-control wpcf7-text wpcf7-validates-as-required\" aria-required=\"true\" aria-invalid=\"false\" placeholder=\"\u0412\u044b\u0441\u0442\u0430\u0432\u043b\u044f\u0435\u043c\u044b\u0435 \u0442\u043e\u0432\u0430\u0440\u044b\" value=\"\" type=\"text\" name=\"urunler\" \/><\/span><\/span>\n\t\t\t<\/p>\n\t\t<\/div>\n\t<\/div>\n\t<p><input class=\"wpcf7-form-control wpcf7-submit has-spinner\" type=\"submit\" value=\"\u041e\u0422\u041f\u0420\u0410\u0412\u0418\u0422\u042c\" \/><span class=\"wpcf7-form-control-wrap\" data-name=\"acceptance\"><span class=\"wpcf7-form-control wpcf7-acceptance\"><span class=\"wpcf7-list-item\"><label><input type=\"checkbox\" name=\"acceptance\" value=\"1\" aria-invalid=\"false\" \/><span class=\"wpcf7-list-item-label\">\u042f \u043f\u043e\u0434\u0442\u0432\u0435\u0440\u0436\u0434\u0430\u044e \u043f\u0440\u0430\u0432\u0438\u043b\u044c\u043d\u043e\u0441\u0442\u044c \u0438 \u0441\u043e\u0445\u0440\u0430\u043d\u0435\u043d\u0438\u0435 \u043c\u043e\u0438\u0445 \u0434\u0430\u043d\u043d\u044b\u0445.<\/span><\/label><\/span><\/span><\/span>\n\t<\/p>\n<\/div><div class=\"wpcf7-response-output\" aria-hidden=\"true\"><\/div>\n<\/form>\n<\/div>\n\t\t<\/div>\n\t\t\t\t<\/div>\n\t\t\t\t\t<\/div>\n\t\t\t\t<\/div>\n\t\t\t\t\t\t\t<\/div>\n\t\t","protected":false},"excerpt":{"rendered":"<p>Kat\u0131l\u0131mc\u0131 T\u00fcr\u00fc &nbsp; Stantl\u0131 Kat\u0131l\u0131mStants\u0131z Kat\u0131l\u0131m &nbsp; Ki\u015fisel Bilgiler Kurumsal Bilgiler Verilerimin do\u011frulu\u011funu ve saklanmas\u0131n\u0131&hellip;<\/p>\n","protected":false},"author":1,"featured_media":0,"parent":0,"menu_order":0,"comment_status":"closed","ping_status":"closed","template":"","meta":{"inline_featured_image":false,"footnotes":""},"class_list":["post-36536","page","type-page","status-publish","hentry"],"_links":{"self":[{"href":"https:\/\/www.turkictradefair.com.tr\/ru\/wp-json\/wp\/v2\/pages\/36536","targetHints":{"allow":["GET"]}}],"collection":[{"href":"https:\/\/www.turkictradefair.com.tr\/ru\/wp-json\/wp\/v2\/pages"}],"about":[{"href":"https:\/\/www.turkictradefair.com.tr\/ru\/wp-json\/wp\/v2\/types\/page"}],"author":[{"embeddable":true,"href":"https:\/\/www.turkictradefair.com.tr\/ru\/wp-json\/wp\/v2\/users\/1"}],"replies":[{"embeddable":true,"href":"https:\/\/www.turkictradefair.com.tr\/ru\/wp-json\/wp\/v2\/comments?post=36536"}],"version-history":[{"count":1,"href":"https:\/\/www.turkictradefair.com.tr\/ru\/wp-json\/wp\/v2\/pages\/36536\/revisions"}],"predecessor-version":[{"id":37381,"href":"https:\/\/www.turkictradefair.com.tr\/ru\/wp-json\/wp\/v2\/pages\/36536\/revisions\/37381"}],"wp:attachment":[{"href":"https:\/\/www.turkictradefair.com.tr\/ru\/wp-json\/wp\/v2\/media?parent=36536"}],"curies":[{"name":"wp","href":"https:\/\/api.w.org\/{rel}","templated":true}]}}